{"id":2133,"date":"2024-11-16T21:27:59","date_gmt":"2024-11-16T21:27:59","guid":{"rendered":"https:\/\/demo.foxhunt.lt\/kontaktai\/"},"modified":"2026-02-16T16:02:59","modified_gmt":"2026-02-16T16:02:59","slug":"contacts","status":"publish","type":"page","link":"https:\/\/menuinkubatorius.lt\/en\/contacts\/","title":{"rendered":"Contacts"},"content":{"rendered":"<div id=\"pl-2133\"  class=\"panel-layout\" ><div id=\"pg-2133-0\"  class=\"panel-grid panel-no-style\" ><div id=\"pgc-2133-0-0\"  class=\"panel-grid-cell\" ><div id=\"panel-2133-0-0-0\" class=\"so-panel widget widget_sow-editor panel-first-child\" data-index=\"0\" ><div\r\n\t\t\t\r\n\t\t\tclass=\"so-widget-sow-editor so-widget-sow-editor-base\"\r\n\t\t\t\r\n\t\t>\r\n<div class=\"siteorigin-widget-tinymce textwidget\">\r\n\t<h1>Contact us<\/h1>\n<p>The Anyk\u0161\u010diai Arts Incubator is a space for creativity and ideas to flourish. It brings together artists, representatives of creative industries, businesses, and the local community to create a culturally rich and creatively active environment.<\/p>\n<\/div>\r\n<\/div><\/div><div id=\"panel-2133-0-0-1\" class=\"so-panel widget widget_sow-editor panel-last-child\" data-index=\"1\" ><div\r\n\t\t\t\r\n\t\t\tclass=\"so-widget-sow-editor so-widget-sow-editor-base\"\r\n\t\t\t\r\n\t\t>\r\n<div class=\"siteorigin-widget-tinymce textwidget\">\r\n\t<ul>\n<li>info@menuinkubatorius.lt<\/li>\n<li>(0 381) 20 190<\/li>\n<li>V\u0161\u012f Anyk\u0161\u010di\u0173 men\u0173 inkubatorius-men\u0173 studija<\/li>\n<li>Company code: 302054537<\/li>\n<li>VAT payer code: LT100019286814<\/li>\n<li>J. Bili\u016bno g. 53, 29110 Anyk\u0161\u010diai, Lithuania<\/li>\n<\/ul>\n<\/div>\r\n<\/div><\/div><\/div><div id=\"pgc-2133-0-1\"  class=\"panel-grid-cell panel-grid-cell-empty\" ><\/div><div id=\"pgc-2133-0-2\"  class=\"panel-grid-cell\" ><div id=\"panel-2133-0-2-0\" class=\"widget_text so-panel widget widget_custom_html panel-first-child panel-last-child\" data-index=\"2\" ><div class=\"textwidget custom-html-widget\"><img decoding=\"async\" alt=\"Anyk\u0161\u010di\u0173 men\u0173 inkubatorius komanda\" src=\"https:\/\/menuinkubatorius.lt\/wp-content\/uploads\/2025\/10\/AMI_komanda-1.jpg\"><\/div><\/div><\/div><\/div><div id=\"pg-2133-1\"  class=\"panel-grid panel-has-style\" ><div class=\"siteorigin-panels-stretch panel-row-style panel-row-style-for-2133-1\" data-stretch-type=\"full\" ><div id=\"pgc-2133-1-0\"  class=\"panel-grid-cell\" ><div id=\"panel-2133-1-0-0\" class=\"so-panel widget widget_sow-editor panel-first-child\" data-index=\"3\" ><div\r\n\t\t\t\r\n\t\t\tclass=\"so-widget-sow-editor so-widget-sow-editor-base\"\r\n\t\t\t\r\n\t\t>\r\n<div class=\"siteorigin-widget-tinymce textwidget\">\r\n\t<h1>CONTACTS<\/h1>\n<\/div>\r\n<\/div><\/div><div id=\"panel-2133-1-0-1\" class=\"widget_text so-panel widget widget_custom_html\" data-index=\"4\" ><div class=\"widget_text panel-widget-style panel-widget-style-for-2133-1-0-1\" ><div class=\"textwidget custom-html-widget\"><div class=\"row ami-kontaktai ami-kontaktai-mobile\">\n\n<div class=\"col-12 col-sm-12 col-md-6 col-lg-6 col-xl-3 ami-cont-line ami-bold\">\nPosition\n<\/div>\n\t\n<div class=\"col-12 col-sm-12 col-md-6 col-lg-6 col-xl-3 ami-cont-line\">\nName and surname\n<\/div>\n\t\n<div class=\"col-12 col-sm-12 col-md-6 col-lg-6 col-xl-3 ami-cont-line\">\nPhone\n<\/div>\n\t\n<div class=\"col-12 col-sm-12 col-md-6 col-lg-6 col-xl-3 ami-cont-line\">\nEmail\n<\/div>\n\t\n<\/div><\/div><\/div><\/div><div id=\"panel-2133-1-0-2\" class=\"widget_text so-panel widget widget_custom_html\" data-index=\"5\" ><div class=\"widget_text panel-widget-style panel-widget-style-for-2133-1-0-2\" ><div class=\"textwidget custom-html-widget\"><div class=\"row ami-kontaktai\">\n\n<div class=\"col-12 col-sm-12 col-md-6 col-lg-6 col-xl-3 ami-cont-line ami-bold\">\nDirector\n<\/div>\n\t\n<div class=\"col-12 col-sm-12 col-md-6 col-lg-6 col-xl-3 ami-cont-line\">\nDaiva Perevi\u010dien\u0117\t\n<\/div>\n\t\n<div class=\"col-12 col-sm-12 col-md-6 col-lg-6 col-xl-3 ami-cont-line\">\n<a href=\"tel:+370 652 44555\">+370 652 44555<\/a>\n<\/div>\n\t\n<div class=\"col-12 col-sm-12 col-md-6 col-lg-6 col-xl-3 ami-cont-line\">\n<a href=\"mailto:direktorius@menuinkubatorius.lt\">direktorius@menuinkubatorius.lt<\/a>\n<\/div>\n\t\n<\/div><\/div><\/div><\/div><div id=\"panel-2133-1-0-3\" class=\"widget_text so-panel widget widget_custom_html\" data-index=\"6\" ><div class=\"widget_text panel-widget-style panel-widget-style-for-2133-1-0-3\" ><div class=\"textwidget custom-html-widget\"><div class=\"row ami-kontaktai\">\n\n<div class=\"col-12 col-sm-12 col-md-6 col-lg-6 col-xl-3 ami-cont-line ami-bold\">\nAccountant\n<\/div>\n\t\n<div class=\"col-12 col-sm-12 col-md-6 col-lg-6 col-xl-3 ami-cont-line\">\nSandra Augulien\u0117\t\n<\/div>\n\t\n<div class=\"col-12 col-sm-12 col-md-6 col-lg-6 col-xl-3 ami-cont-line\">\n<a href=\"tel:+370 630 52920\">+370 630 52920<\/a>\n<\/div>\n\t\n<div class=\"col-12 col-sm-12 col-md-6 col-lg-6 col-xl-3 ami-cont-line\">\n<a href=\"mailto:ami@res.lt\">ami@res.lt<\/a>\n<\/div>\n\t\n<\/div><\/div><\/div><\/div><div id=\"panel-2133-1-0-4\" class=\"widget_text so-panel widget widget_custom_html\" data-index=\"7\" ><div class=\"widget_text panel-widget-style panel-widget-style-for-2133-1-0-4\" ><div class=\"textwidget custom-html-widget\"><div class=\"row ami-kontaktai\">\n\n<div class=\"col-12 col-sm-12 col-md-6 col-lg-6 col-xl-3 ami-cont-line ami-bold\">\nProject manager\n<\/div>\n\t\n<div class=\"col-12 col-sm-12 col-md-6 col-lg-6 col-xl-3 ami-cont-line\">\nLina Rimkien\u0117\t\n<\/div>\n\t\n<div class=\"col-12 col-sm-12 col-md-6 col-lg-6 col-xl-3 ami-cont-line\">\n<a href=\"tel:+370 608 03743\">+370 608 03743<\/a>\n<\/div>\n\t\n<div class=\"col-12 col-sm-12 col-md-6 col-lg-6 col-xl-3 ami-cont-line\">\n<a href=\"mailto:projektai@menuinkubatorius.lt\">projektai@menuinkubatorius.lt<\/a>\n<\/div>\n\t\n<\/div><\/div><\/div><\/div><div id=\"panel-2133-1-0-5\" class=\"widget_text so-panel widget widget_custom_html\" data-index=\"8\" ><div class=\"widget_text panel-widget-style panel-widget-style-for-2133-1-0-5\" ><div class=\"textwidget custom-html-widget\"><div class=\"row ami-kontaktai\">\n\n<div class=\"col-12 col-sm-12 col-md-6 col-lg-6 col-xl-3 ami-cont-line ami-bold\">\nProject manager\n<\/div>\n\t\n<div class=\"col-12 col-sm-12 col-md-6 col-lg-6 col-xl-3 ami-cont-line\">\nIrmantas Rimkus\n<\/div>\n\t\n<div class=\"col-12 col-sm-12 col-md-6 col-lg-6 col-xl-3 ami-cont-line\">\n<a href=\"tel:+370 665 18 834\">+370 665 18 834<\/a>\n<\/div>\n\t\n<div class=\"col-12 col-sm-12 col-md-6 col-lg-6 col-xl-3 ami-cont-line\">\n<a href=\"mailto:konsultacijos@menuinkubatorius.lt\">konsultacijos@menuinkubatorius.lt<\/a>\n<\/div>\n\t\n<\/div><\/div><\/div><\/div><div id=\"panel-2133-1-0-6\" class=\"widget_text so-panel widget widget_custom_html panel-last-child\" data-index=\"9\" ><div class=\"widget_text panel-widget-style panel-widget-style-for-2133-1-0-6\" ><div class=\"textwidget custom-html-widget\"><div class=\"row ami-kontaktai\">\n\n<div class=\"col-12 col-sm-12 col-md-6 col-lg-6 col-xl-3 ami-cont-line ami-bold\">\nProject coordinator - Virtual Reality\n<\/div>\n\t\n<div class=\"col-12 col-sm-12 col-md-6 col-lg-6 col-xl-3 ami-cont-line\">\nDaiva Pusva\u0161kien\u0117\n<\/div>\n\t\n<div class=\"col-12 col-sm-12 col-md-6 col-lg-6 col-xl-3 ami-cont-line\">\n<a href=\"tel:+370 678 79591\">+370 678 79591<\/a>\n<\/div>\n\t\n<div class=\"col-12 col-sm-12 col-md-6 col-lg-6 col-xl-3 ami-cont-line\">\n<a href=\"mailto:vr@menuinkubatorius.lt\">vr@menuinkubatorius.lt<\/a>\n<\/div>\n\t\n<\/div><\/div><\/div><\/div><\/div><\/div><\/div><\/div>","protected":false},"excerpt":{"rendered":"<p>Contact us The Anyk\u0161\u010diai Arts Incubator is a space for creativity and ideas to flourish. It brings together artists, representatives of creative industries, businesses, and the local community to create a culturally rich and creatively active environment. info@menuinkubatorius.lt (0 381) 20 190 V\u0161\u012f Anyk\u0161\u010di\u0173 men\u0173 inkubatorius-men\u0173 studija Company code: 302054537 VAT payer code: LT100019286814 J. [&hellip;]<\/p>\n","protected":false},"author":1,"featured_media":0,"parent":0,"menu_order":0,"comment_status":"closed","ping_status":"closed","template":"page-pilkas.php","meta":{"footnotes":""},"class_list":["post-2133","page","type-page","status-publish","hentry"],"_links":{"self":[{"href":"https:\/\/menuinkubatorius.lt\/en\/wp-json\/wp\/v2\/pages\/2133","targetHints":{"allow":["GET"]}}],"collection":[{"href":"https:\/\/menuinkubatorius.lt\/en\/wp-json\/wp\/v2\/pages"}],"about":[{"href":"https:\/\/menuinkubatorius.lt\/en\/wp-json\/wp\/v2\/types\/page"}],"author":[{"embeddable":true,"href":"https:\/\/menuinkubatorius.lt\/en\/wp-json\/wp\/v2\/users\/1"}],"replies":[{"embeddable":true,"href":"https:\/\/menuinkubatorius.lt\/en\/wp-json\/wp\/v2\/comments?post=2133"}],"version-history":[{"count":4,"href":"https:\/\/menuinkubatorius.lt\/en\/wp-json\/wp\/v2\/pages\/2133\/revisions"}],"predecessor-version":[{"id":2138,"href":"https:\/\/menuinkubatorius.lt\/en\/wp-json\/wp\/v2\/pages\/2133\/revisions\/2138"}],"wp:attachment":[{"href":"https:\/\/menuinkubatorius.lt\/en\/wp-json\/wp\/v2\/media?parent=2133"}],"curies":[{"name":"wp","href":"https:\/\/api.w.org\/{rel}","templated":true}]}}