{"id":1782,"date":"2025-11-01T00:20:41","date_gmt":"2025-11-01T00:20:41","guid":{"rendered":"https:\/\/demo.foxhunt.lt\/apie-mus-ami\/"},"modified":"2026-02-15T22:33:42","modified_gmt":"2026-02-15T22:33:42","slug":"about-us","status":"publish","type":"page","link":"https:\/\/menuinkubatorius.lt\/en\/about-us\/","title":{"rendered":"About us"},"content":{"rendered":"<div id=\"pl-1782\"  class=\"panel-layout\" ><div id=\"pg-1782-0\"  class=\"panel-grid panel-no-style\" ><div id=\"pgc-1782-0-0\"  class=\"panel-grid-cell\" ><div id=\"panel-1782-0-0-0\" class=\"so-panel widget widget_sow-editor panel-first-child\" data-index=\"0\" ><div\r\n\t\t\t\r\n\t\t\tclass=\"so-widget-sow-editor so-widget-sow-editor-base\"\r\n\t\t\t\r\n\t\t>\r\n<div class=\"siteorigin-widget-tinymce textwidget\">\r\n\t<h1>Anyk\u0161\u010diai art incubator - art studio<\/h1>\n<p>The Anyk\u0161\u010diai art Incubator - art studio is a place that brings art and business together. It is a place where you can visit artist at their studios and learn about the creative process, browse through the art shop, participate in educational programs, attend concerts, exhibits and movie screenings, enjoy interactive entertainment, or rent a hall for an event.<\/p>\n<\/div>\r\n<\/div><\/div><div id=\"panel-1782-0-0-1\" class=\"so-panel widget widget_sow-editor panel-last-child\" data-index=\"1\" ><div\r\n\t\t\t\r\n\t\t\tclass=\"so-widget-sow-editor so-widget-sow-editor-base\"\r\n\t\t\t\r\n\t\t>\r\n<div class=\"siteorigin-widget-tinymce textwidget\">\r\n\t<div class=\"video-full\"><video autoplay=\"autoplay\" muted=\"\" controls=\"controls\" width=\"300\" height=\"150\"><source src=\"https:\/\/menuinkubatorius.lt\/wp-content\/uploads\/2025\/11\/Anyksciu-menu-inkubatorius-Anyksciai-art-incubator.mp4\" type=\"video\/mp4\" \/>Your browser does not support the video tag. :\/<\/video><\/div>\n<\/div>\r\n<\/div><\/div><\/div><\/div><\/div>","protected":false},"excerpt":{"rendered":"<p>Anyk\u0161\u010diai art incubator &#8211; art studio The Anyk\u0161\u010diai art Incubator &#8211; art studio is a place that brings art and business together. It is a place where you can visit artist at their studios and learn about the creative process, browse through the art shop, participate in educational programs, attend concerts, exhibits and movie screenings, [&hellip;]<\/p>\n","protected":false},"author":1,"featured_media":0,"parent":0,"menu_order":0,"comment_status":"closed","ping_status":"closed","template":"page-be-antrastes.php","meta":{"footnotes":""},"class_list":["post-1782","page","type-page","status-publish","hentry"],"_links":{"self":[{"href":"https:\/\/menuinkubatorius.lt\/en\/wp-json\/wp\/v2\/pages\/1782","targetHints":{"allow":["GET"]}}],"collection":[{"href":"https:\/\/menuinkubatorius.lt\/en\/wp-json\/wp\/v2\/pages"}],"about":[{"href":"https:\/\/menuinkubatorius.lt\/en\/wp-json\/wp\/v2\/types\/page"}],"author":[{"embeddable":true,"href":"https:\/\/menuinkubatorius.lt\/en\/wp-json\/wp\/v2\/users\/1"}],"replies":[{"embeddable":true,"href":"https:\/\/menuinkubatorius.lt\/en\/wp-json\/wp\/v2\/comments?post=1782"}],"version-history":[{"count":9,"href":"https:\/\/menuinkubatorius.lt\/en\/wp-json\/wp\/v2\/pages\/1782\/revisions"}],"predecessor-version":[{"id":1791,"href":"https:\/\/menuinkubatorius.lt\/en\/wp-json\/wp\/v2\/pages\/1782\/revisions\/1791"}],"wp:attachment":[{"href":"https:\/\/menuinkubatorius.lt\/en\/wp-json\/wp\/v2\/media?parent=1782"}],"curies":[{"name":"wp","href":"https:\/\/api.w.org\/{rel}","templated":true}]}}